{"id":678,"date":"2024-01-23T00:30:42","date_gmt":"2024-01-23T00:30:42","guid":{"rendered":"http:\/\/www.sfs.cl\/sfsdesa\/?page_id=678"},"modified":"2024-01-23T00:46:36","modified_gmt":"2024-01-23T00:46:36","slug":"servicios-profesionales-2","status":"publish","type":"page","link":"http:\/\/www.sfs.cl\/sfsdesa\/servicios-profesionales-2\/","title":{"rendered":"SERVICIOS PROFESIONALES"},"content":{"rendered":"\t\t<div data-elementor-type=\"wp-page\" data-elementor-id=\"678\" class=\"elementor elementor-678\" data-elementor-post-type=\"page\">\n\t\t\t\t\t\t\t\t\t<section class=\"elementor-section elementor-top-section elementor-element elementor-element-444bb921 elementor-section-boxed elementor-section-height-default elementor-section-height-default\" data-id=\"444bb921\" data-element_type=\"section\" data-settings=\"{&quot;background_background&quot;:&quot;classic&quot;}\">\n\t\t\t\t\t\t\t<div class=\"elementor-background-overlay\"><\/div>\n\t\t\t\t\t\t\t<div class=\"elementor-container elementor-column-gap-default\">\n\t\t\t\t\t<div class=\"elementor-column elementor-col-100 elementor-top-column elementor-element elementor-element-4e6dc658\" data-id=\"4e6dc658\" data-element_type=\"column\">\n\t\t\t<div class=\"elementor-widget-wrap elementor-element-populated\">\n\t\t\t\t\t\t\t\t<div class=\"elementor-element elementor-element-1f241c39 elementor-invisible elementor-widget elementor-widget-heading\" data-id=\"1f241c39\" data-element_type=\"widget\" data-settings=\"{&quot;_animation&quot;:&quot;fadeIn&quot;,&quot;_animation_delay&quot;:200}\" data-widget_type=\"heading.default\">\n\t\t\t\t<div class=\"elementor-widget-container\">\n\t\t\t<style>\/*! elementor - v3.18.0 - 20-12-2023 *\/\n.elementor-heading-title{padding:0;margin:0;line-height:1}.elementor-widget-heading .elementor-heading-title[class*=elementor-size-]>a{color:inherit;font-size:inherit;line-height:inherit}.elementor-widget-heading .elementor-heading-title.elementor-size-small{font-size:15px}.elementor-widget-heading .elementor-heading-title.elementor-size-medium{font-size:19px}.elementor-widget-heading .elementor-heading-title.elementor-size-large{font-size:29px}.elementor-widget-heading .elementor-heading-title.elementor-size-xl{font-size:39px}.elementor-widget-heading .elementor-heading-title.elementor-size-xxl{font-size:59px}<\/style><h1 class=\"elementor-heading-title elementor-size-default\">Servicios Profesionales<\/h1>\t\t<\/div>\n\t\t\t\t<\/div>\n\t\t\t\t\t<\/div>\n\t\t<\/div>\n\t\t\t\t\t\t\t<\/div>\n\t\t<\/section>\n\t\t\t\t<section class=\"elementor-section elementor-top-section elementor-element elementor-element-7b1b58a6 elementor-section-boxed elementor-section-height-default elementor-section-height-default\" data-id=\"7b1b58a6\" data-element_type=\"section\">\n\t\t\t\t\t\t<div class=\"elementor-container elementor-column-gap-default\">\n\t\t\t\t\t<div class=\"elementor-column elementor-col-100 elementor-top-column elementor-element elementor-element-869c93f elementor-invisible\" data-id=\"869c93f\" data-element_type=\"column\" data-settings=\"{&quot;animation&quot;:&quot;fadeIn&quot;,&quot;animation_delay&quot;:600}\">\n\t\t\t<div class=\"elementor-widget-wrap elementor-element-populated\">\n\t\t\t\t\t\t\t\t<div class=\"elementor-element elementor-element-284449a7 elementor-position-top elementor-widget elementor-widget-image-box\" data-id=\"284449a7\" data-element_type=\"widget\" data-widget_type=\"image-box.default\">\n\t\t\t\t<div class=\"elementor-widget-container\">\n\t\t\t<style>\/*! elementor - v3.18.0 - 20-12-2023 *\/\n.elementor-widget-image-box .elementor-image-box-content{width:100%}@media (min-width:768px){.elementor-widget-image-box.elementor-position-left .elementor-image-box-wrapper,.elementor-widget-image-box.elementor-position-right .elementor-image-box-wrapper{display:flex}.elementor-widget-image-box.elementor-position-right .elementor-image-box-wrapper{text-align:right;flex-direction:row-reverse}.elementor-widget-image-box.elementor-position-left .elementor-image-box-wrapper{text-align:left;flex-direction:row}.elementor-widget-image-box.elementor-position-top .elementor-image-box-img{margin:auto}.elementor-widget-image-box.elementor-vertical-align-top .elementor-image-box-wrapper{align-items:flex-start}.elementor-widget-image-box.elementor-vertical-align-middle .elementor-image-box-wrapper{align-items:center}.elementor-widget-image-box.elementor-vertical-align-bottom .elementor-image-box-wrapper{align-items:flex-end}}@media (max-width:767px){.elementor-widget-image-box .elementor-image-box-img{margin-left:auto!important;margin-right:auto!important;margin-bottom:15px}}.elementor-widget-image-box .elementor-image-box-img{display:inline-block}.elementor-widget-image-box .elementor-image-box-title a{color:inherit}.elementor-widget-image-box .elementor-image-box-wrapper{text-align:center}.elementor-widget-image-box .elementor-image-box-description{margin:0}<\/style><div class=\"elementor-image-box-wrapper\"><figure class=\"elementor-image-box-img\"><img fetchpriority=\"high\" decoding=\"async\" width=\"720\" height=\"523\" src=\"http:\/\/www.sfs.cl\/sfsdesa\/wp-content\/uploads\/2024\/01\/team_img_.png\" class=\"attachment-full size-full wp-image-321\" alt=\"\" style=\"width:100%;height:72.64%;max-width:720px\" srcset=\"http:\/\/www.sfs.cl\/sfsdesa\/wp-content\/uploads\/2024\/01\/team_img_.png 720w, http:\/\/www.sfs.cl\/sfsdesa\/wp-content\/uploads\/2024\/01\/team_img_-300x218.png 300w\" sizes=\"(max-width: 720px) 100vw, 720px\" \/><\/figure><div class=\"elementor-image-box-content\"><h3 class=\"elementor-image-box-title\">Su perfil<\/h3><p class=\"elementor-image-box-description\">Un equipo multidisciplinario a tu servicio, compuesto por consultores, jefes de proyectos, analistas y programadores, especialistas tecnol\u00f3gicos y desarrolladores, todos comprometidos con llevar tus proyectos al \u00e9xito.<\/p><\/div><\/div>\t\t<\/div>\n\t\t\t\t<\/div>\n\t\t\t\t\t<\/div>\n\t\t<\/div>\n\t\t\t\t\t\t\t<\/div>\n\t\t<\/section>\n\t\t<div class=\"elementor-element elementor-element-28ec8caf e-flex e-con-boxed e-con e-parent\" data-id=\"28ec8caf\" data-element_type=\"container\" data-settings=\"{&quot;content_width&quot;:&quot;boxed&quot;}\" data-core-v316-plus=\"true\">\n\t\t\t\t\t<div class=\"e-con-inner\">\n\t\t\t\t<div class=\"elementor-element elementor-element-17fcae42 elementor-position-top elementor-widget elementor-widget-image-box\" data-id=\"17fcae42\" data-element_type=\"widget\" data-widget_type=\"image-box.default\">\n\t\t\t\t<div class=\"elementor-widget-container\">\n\t\t\t<div class=\"elementor-image-box-wrapper\"><figure class=\"elementor-image-box-img\"><img decoding=\"async\" width=\"720\" height=\"456\" src=\"http:\/\/www.sfs.cl\/sfsdesa\/wp-content\/uploads\/2024\/01\/team_img.png\" class=\"attachment-full size-full wp-image-346\" alt=\"\" style=\"width:100%;height:63.33%;max-width:720px\" srcset=\"http:\/\/www.sfs.cl\/sfsdesa\/wp-content\/uploads\/2024\/01\/team_img.png 720w, http:\/\/www.sfs.cl\/sfsdesa\/wp-content\/uploads\/2024\/01\/team_img-300x190.png 300w\" sizes=\"(max-width: 720px) 100vw, 720px\" \/><\/figure><div class=\"elementor-image-box-content\"><h3 class=\"elementor-image-box-title\">Profesionales<\/h3><p class=\"elementor-image-box-description\">En Servicios FirstSoft, ofrecemos un colectivo de talentos en el campo de la tecnolog\u00eda y la gesti\u00f3n empresarial, dedicados a agregar valor significativo a tu organizaci\u00f3n. Nuestro equipo altamente calificado se especializa en la entrega de soluciones a medida que se integran sin problemas en tus operaciones diarias, permiti\u00e9ndote centrar tus esfuerzos en el n\u00facleo de tu negocio y dejar en nuestras manos la innovaci\u00f3n y el manejo eficiente de los recursos tecnol\u00f3gicos.<\/p><\/div><\/div>\t\t<\/div>\n\t\t\t\t<\/div>\n\t\t\t\t\t<\/div>\n\t\t\t\t<\/div>\n\t\t\t\t\t\t\t<\/div>\n\t\t","protected":false},"excerpt":{"rendered":"<p>Servicios Profesionales Su perfil Un equipo multidisciplinario a tu servicio, compuesto por consultores, jefes de proyectos, analistas y programadores, especialistas tecnol\u00f3gicos y desarrolladores, todos comprometidos con llevar tus proyectos al \u00e9xito. Profesionales En Servicios FirstSoft, ofrecemos un colectivo de talentos en el campo de la tecnolog\u00eda y la gesti\u00f3n empresarial, dedicados a agregar valor significativo&hellip; <a class=\"more-link\" href=\"http:\/\/www.sfs.cl\/sfsdesa\/servicios-profesionales-2\/\">Seguir leyendo <span class=\"screen-reader-text\">SERVICIOS PROFESIONALES<\/span><\/a><\/p>\n","protected":false},"author":1,"featured_media":0,"parent":0,"menu_order":0,"comment_status":"closed","ping_status":"closed","template":"elementor_header_footer","meta":{"footnotes":""},"_links":{"self":[{"href":"http:\/\/www.sfs.cl\/sfsdesa\/wp-json\/wp\/v2\/pages\/678"}],"collection":[{"href":"http:\/\/www.sfs.cl\/sfsdesa\/wp-json\/wp\/v2\/pages"}],"about":[{"href":"http:\/\/www.sfs.cl\/sfsdesa\/wp-json\/wp\/v2\/types\/page"}],"author":[{"embeddable":true,"href":"http:\/\/www.sfs.cl\/sfsdesa\/wp-json\/wp\/v2\/users\/1"}],"replies":[{"embeddable":true,"href":"http:\/\/www.sfs.cl\/sfsdesa\/wp-json\/wp\/v2\/comments?post=678"}],"version-history":[{"count":16,"href":"http:\/\/www.sfs.cl\/sfsdesa\/wp-json\/wp\/v2\/pages\/678\/revisions"}],"predecessor-version":[{"id":694,"href":"http:\/\/www.sfs.cl\/sfsdesa\/wp-json\/wp\/v2\/pages\/678\/revisions\/694"}],"wp:attachment":[{"href":"http:\/\/www.sfs.cl\/sfsdesa\/wp-json\/wp\/v2\/media?parent=678"}],"curies":[{"name":"wp","href":"https:\/\/api.w.org\/{rel}","templated":true}]}}