{"id":673,"date":"2024-01-23T00:24:37","date_gmt":"2024-01-23T00:24:37","guid":{"rendered":"http:\/\/www.sfs.cl\/sfsdesa\/?page_id=673"},"modified":"2024-01-23T01:37:39","modified_gmt":"2024-01-23T01:37:39","slug":"mantencion-de-software-2","status":"publish","type":"page","link":"http:\/\/www.sfs.cl\/sfsdesa\/mantencion-de-software-2\/","title":{"rendered":"MANTENCI\u00d3N DE SOFTWARE"},"content":{"rendered":"\t\t<div data-elementor-type=\"wp-page\" data-elementor-id=\"673\" class=\"elementor elementor-673\" data-elementor-post-type=\"page\">\n\t\t\t\t\t\t\t\t\t<section class=\"elementor-section elementor-top-section elementor-element elementor-element-790fdfa7 elementor-section-boxed elementor-section-height-default elementor-section-height-default\" data-id=\"790fdfa7\" data-element_type=\"section\" data-settings=\"{&quot;background_background&quot;:&quot;classic&quot;}\">\n\t\t\t\t\t\t\t<div class=\"elementor-background-overlay\"><\/div>\n\t\t\t\t\t\t\t<div class=\"elementor-container elementor-column-gap-default\">\n\t\t\t\t\t<div class=\"elementor-column elementor-col-100 elementor-top-column elementor-element elementor-element-4fa57792\" data-id=\"4fa57792\" data-element_type=\"column\">\n\t\t\t<div class=\"elementor-widget-wrap elementor-element-populated\">\n\t\t\t\t\t\t\t\t<div class=\"elementor-element elementor-element-663e533 elementor-invisible elementor-widget elementor-widget-heading\" data-id=\"663e533\" data-element_type=\"widget\" data-settings=\"{&quot;_animation&quot;:&quot;fadeIn&quot;,&quot;_animation_delay&quot;:200}\" data-widget_type=\"heading.default\">\n\t\t\t\t<div class=\"elementor-widget-container\">\n\t\t\t<style>\/*! elementor - v3.18.0 - 20-12-2023 *\/\n.elementor-heading-title{padding:0;margin:0;line-height:1}.elementor-widget-heading .elementor-heading-title[class*=elementor-size-]>a{color:inherit;font-size:inherit;line-height:inherit}.elementor-widget-heading .elementor-heading-title.elementor-size-small{font-size:15px}.elementor-widget-heading .elementor-heading-title.elementor-size-medium{font-size:19px}.elementor-widget-heading .elementor-heading-title.elementor-size-large{font-size:29px}.elementor-widget-heading .elementor-heading-title.elementor-size-xl{font-size:39px}.elementor-widget-heading .elementor-heading-title.elementor-size-xxl{font-size:59px}<\/style><h1 class=\"elementor-heading-title elementor-size-default\">Mantenimiento de Software\n\n<\/h1>\t\t<\/div>\n\t\t\t\t<\/div>\n\t\t\t\t\t<\/div>\n\t\t<\/div>\n\t\t\t\t\t\t\t<\/div>\n\t\t<\/section>\n\t\t\t\t<section class=\"elementor-section elementor-top-section elementor-element elementor-element-4393ad0c elementor-section-boxed elementor-section-height-default elementor-section-height-default\" data-id=\"4393ad0c\" data-element_type=\"section\">\n\t\t\t\t\t\t<div class=\"elementor-container elementor-column-gap-default\">\n\t\t\t\t\t<div class=\"elementor-column elementor-col-50 elementor-top-column elementor-element elementor-element-7051eb65 elementor-invisible\" data-id=\"7051eb65\" data-element_type=\"column\" data-settings=\"{&quot;animation&quot;:&quot;fadeIn&quot;,&quot;animation_delay&quot;:600}\">\n\t\t\t<div class=\"elementor-widget-wrap elementor-element-populated\">\n\t\t\t\t\t\t\t\t<div class=\"elementor-element elementor-element-54c2f135 elementor-widget elementor-widget-image-box\" data-id=\"54c2f135\" data-element_type=\"widget\" data-widget_type=\"image-box.default\">\n\t\t\t\t<div class=\"elementor-widget-container\">\n\t\t\t<style>\/*! elementor - v3.18.0 - 20-12-2023 *\/\n.elementor-widget-image-box .elementor-image-box-content{width:100%}@media (min-width:768px){.elementor-widget-image-box.elementor-position-left .elementor-image-box-wrapper,.elementor-widget-image-box.elementor-position-right .elementor-image-box-wrapper{display:flex}.elementor-widget-image-box.elementor-position-right .elementor-image-box-wrapper{text-align:right;flex-direction:row-reverse}.elementor-widget-image-box.elementor-position-left .elementor-image-box-wrapper{text-align:left;flex-direction:row}.elementor-widget-image-box.elementor-position-top .elementor-image-box-img{margin:auto}.elementor-widget-image-box.elementor-vertical-align-top .elementor-image-box-wrapper{align-items:flex-start}.elementor-widget-image-box.elementor-vertical-align-middle .elementor-image-box-wrapper{align-items:center}.elementor-widget-image-box.elementor-vertical-align-bottom .elementor-image-box-wrapper{align-items:flex-end}}@media (max-width:767px){.elementor-widget-image-box .elementor-image-box-img{margin-left:auto!important;margin-right:auto!important;margin-bottom:15px}}.elementor-widget-image-box .elementor-image-box-img{display:inline-block}.elementor-widget-image-box .elementor-image-box-title a{color:inherit}.elementor-widget-image-box .elementor-image-box-wrapper{text-align:center}.elementor-widget-image-box .elementor-image-box-description{margin:0}<\/style><div class=\"elementor-image-box-wrapper\"><div class=\"elementor-image-box-content\"><h3 class=\"elementor-image-box-title\">Soporte<\/h3><p class=\"elementor-image-box-description\">Proporcionamos soporte integral para garantizar la operatividad y eficiencia de tus aplicaciones. Nuestro enfoque est\u00e1 en mantener tus procesos cr\u00edticos en funcionamiento continuo, minimizando el tiempo de inactividad y optimizando el rendimiento<\/p><\/div><\/div>\t\t<\/div>\n\t\t\t\t<\/div>\n\t\t\t\t\t<\/div>\n\t\t<\/div>\n\t\t\t\t<div class=\"elementor-column elementor-col-50 elementor-top-column elementor-element elementor-element-335ba2e\" data-id=\"335ba2e\" data-element_type=\"column\">\n\t\t\t<div class=\"elementor-widget-wrap elementor-element-populated\">\n\t\t\t\t\t\t\t\t<div class=\"elementor-element elementor-element-205664a7 elementor-widget elementor-widget-image-box\" data-id=\"205664a7\" data-element_type=\"widget\" data-widget_type=\"image-box.default\">\n\t\t\t\t<div class=\"elementor-widget-container\">\n\t\t\t<div class=\"elementor-image-box-wrapper\"><div class=\"elementor-image-box-content\"><h3 class=\"elementor-image-box-title\">Software<\/h3><p class=\"elementor-image-box-description\">Nos especializamos en el mantenimiento proactivo de software propio y de terceros. Desde el mantenimiento preventivo hasta el correctivo y evolutivo, nos aseguramos de que tus sistemas est\u00e9n actualizados y alineados con las demandas actuales del mercado.<\/p><\/div><\/div>\t\t<\/div>\n\t\t\t\t<\/div>\n\t\t\t\t\t<\/div>\n\t\t<\/div>\n\t\t\t\t\t\t\t<\/div>\n\t\t<\/section>\n\t\t<div class=\"elementor-element elementor-element-6424543d e-flex e-con-boxed e-con e-parent\" data-id=\"6424543d\" data-element_type=\"container\" data-settings=\"{&quot;content_width&quot;:&quot;boxed&quot;}\" data-core-v316-plus=\"true\">\n\t\t\t\t\t<div class=\"e-con-inner\">\n\t\t\t\t<div class=\"elementor-element elementor-element-5f928b71 elementor-widget elementor-widget-image-box\" data-id=\"5f928b71\" data-element_type=\"widget\" data-widget_type=\"image-box.default\">\n\t\t\t\t<div class=\"elementor-widget-container\">\n\t\t\t<div class=\"elementor-image-box-wrapper\"><div class=\"elementor-image-box-content\"><h3 class=\"elementor-image-box-title\">Contingencia<\/h3><p class=\"elementor-image-box-description\">Desarrollamos y ejecutamos planes de contingencia robustos, asegurando que tu empresa est\u00e9 preparada para cualquier eventualidad. Nuestra planificaci\u00f3n en continuidad de negocio es completa, abarcando tanto la prevenci\u00f3n como la r\u00e1pida recuperaci\u00f3n ante incidentes.<\/p><\/div><\/div>\t\t<\/div>\n\t\t\t\t<\/div>\n\t\t\t\t\t<\/div>\n\t\t\t\t<\/div>\n\t\t\t\t\t\t\t<\/div>\n\t\t","protected":false},"excerpt":{"rendered":"<p>Mantenimiento de Software Soporte Proporcionamos soporte integral para garantizar la operatividad y eficiencia de tus aplicaciones. Nuestro enfoque est\u00e1 en mantener tus procesos cr\u00edticos en funcionamiento continuo, minimizando el tiempo de inactividad y optimizando el rendimiento Software Nos especializamos en el mantenimiento proactivo de software propio y de terceros. Desde el mantenimiento preventivo hasta el&hellip; <a class=\"more-link\" href=\"http:\/\/www.sfs.cl\/sfsdesa\/mantencion-de-software-2\/\">Seguir leyendo <span class=\"screen-reader-text\">MANTENCI\u00d3N DE SOFTWARE<\/span><\/a><\/p>\n","protected":false},"author":1,"featured_media":0,"parent":0,"menu_order":0,"comment_status":"closed","ping_status":"closed","template":"elementor_header_footer","meta":{"footnotes":""},"_links":{"self":[{"href":"http:\/\/www.sfs.cl\/sfsdesa\/wp-json\/wp\/v2\/pages\/673"}],"collection":[{"href":"http:\/\/www.sfs.cl\/sfsdesa\/wp-json\/wp\/v2\/pages"}],"about":[{"href":"http:\/\/www.sfs.cl\/sfsdesa\/wp-json\/wp\/v2\/types\/page"}],"author":[{"embeddable":true,"href":"http:\/\/www.sfs.cl\/sfsdesa\/wp-json\/wp\/v2\/users\/1"}],"replies":[{"embeddable":true,"href":"http:\/\/www.sfs.cl\/sfsdesa\/wp-json\/wp\/v2\/comments?post=673"}],"version-history":[{"count":7,"href":"http:\/\/www.sfs.cl\/sfsdesa\/wp-json\/wp\/v2\/pages\/673\/revisions"}],"predecessor-version":[{"id":697,"href":"http:\/\/www.sfs.cl\/sfsdesa\/wp-json\/wp\/v2\/pages\/673\/revisions\/697"}],"wp:attachment":[{"href":"http:\/\/www.sfs.cl\/sfsdesa\/wp-json\/wp\/v2\/media?parent=673"}],"curies":[{"name":"wp","href":"https:\/\/api.w.org\/{rel}","templated":true}]}}