{"id":661,"date":"2024-01-23T00:02:29","date_gmt":"2024-01-23T00:02:29","guid":{"rendered":"http:\/\/www.sfs.cl\/sfsdesa\/?page_id=661"},"modified":"2024-01-23T02:07:05","modified_gmt":"2024-01-23T02:07:05","slug":"desarrollo-de-ti-2","status":"publish","type":"page","link":"http:\/\/www.sfs.cl\/sfsdesa\/desarrollo-de-ti-2\/","title":{"rendered":"DESARROLLO DE TI"},"content":{"rendered":"\t\t<div data-elementor-type=\"wp-page\" data-elementor-id=\"661\" class=\"elementor elementor-661\" data-elementor-post-type=\"page\">\n\t\t\t\t\t\t\t\t\t<section class=\"elementor-section elementor-top-section elementor-element elementor-element-7f922954 elementor-section-boxed elementor-section-height-default elementor-section-height-default\" data-id=\"7f922954\" data-element_type=\"section\" data-settings=\"{&quot;background_background&quot;:&quot;classic&quot;}\">\n\t\t\t\t\t\t\t<div class=\"elementor-background-overlay\"><\/div>\n\t\t\t\t\t\t\t<div class=\"elementor-container elementor-column-gap-default\">\n\t\t\t\t\t<div class=\"elementor-column elementor-col-100 elementor-top-column elementor-element elementor-element-4e0554cd\" data-id=\"4e0554cd\" data-element_type=\"column\">\n\t\t\t<div class=\"elementor-widget-wrap elementor-element-populated\">\n\t\t\t\t\t\t\t\t<div class=\"elementor-element elementor-element-4da61f7a elementor-invisible elementor-widget elementor-widget-heading\" data-id=\"4da61f7a\" data-element_type=\"widget\" data-settings=\"{&quot;_animation&quot;:&quot;fadeIn&quot;,&quot;_animation_delay&quot;:200}\" data-widget_type=\"heading.default\">\n\t\t\t\t<div class=\"elementor-widget-container\">\n\t\t\t<style>\/*! elementor - v3.18.0 - 20-12-2023 *\/\n.elementor-heading-title{padding:0;margin:0;line-height:1}.elementor-widget-heading .elementor-heading-title[class*=elementor-size-]>a{color:inherit;font-size:inherit;line-height:inherit}.elementor-widget-heading .elementor-heading-title.elementor-size-small{font-size:15px}.elementor-widget-heading .elementor-heading-title.elementor-size-medium{font-size:19px}.elementor-widget-heading .elementor-heading-title.elementor-size-large{font-size:29px}.elementor-widget-heading .elementor-heading-title.elementor-size-xl{font-size:39px}.elementor-widget-heading .elementor-heading-title.elementor-size-xxl{font-size:59px}<\/style><h1 class=\"elementor-heading-title elementor-size-default\">Desarrollo de TI<\/h1>\t\t<\/div>\n\t\t\t\t<\/div>\n\t\t\t\t\t<\/div>\n\t\t<\/div>\n\t\t\t\t\t\t\t<\/div>\n\t\t<\/section>\n\t\t\t\t<section class=\"elementor-section elementor-top-section elementor-element elementor-element-10bc6910 elementor-section-boxed elementor-section-height-default elementor-section-height-default\" data-id=\"10bc6910\" data-element_type=\"section\">\n\t\t\t\t\t\t<div class=\"elementor-container elementor-column-gap-default\">\n\t\t\t\t\t<div class=\"elementor-column elementor-col-33 elementor-top-column elementor-element elementor-element-1a84f60a elementor-invisible\" data-id=\"1a84f60a\" data-element_type=\"column\" data-settings=\"{&quot;animation&quot;:&quot;fadeIn&quot;,&quot;animation_delay&quot;:600}\">\n\t\t\t<div class=\"elementor-widget-wrap elementor-element-populated\">\n\t\t\t\t\t\t\t\t<div class=\"elementor-element elementor-element-9d5d5c6 elementor-widget elementor-widget-image-box\" data-id=\"9d5d5c6\" data-element_type=\"widget\" data-widget_type=\"image-box.default\">\n\t\t\t\t<div class=\"elementor-widget-container\">\n\t\t\t<style>\/*! elementor - v3.18.0 - 20-12-2023 *\/\n.elementor-widget-image-box .elementor-image-box-content{width:100%}@media (min-width:768px){.elementor-widget-image-box.elementor-position-left .elementor-image-box-wrapper,.elementor-widget-image-box.elementor-position-right .elementor-image-box-wrapper{display:flex}.elementor-widget-image-box.elementor-position-right .elementor-image-box-wrapper{text-align:right;flex-direction:row-reverse}.elementor-widget-image-box.elementor-position-left .elementor-image-box-wrapper{text-align:left;flex-direction:row}.elementor-widget-image-box.elementor-position-top .elementor-image-box-img{margin:auto}.elementor-widget-image-box.elementor-vertical-align-top .elementor-image-box-wrapper{align-items:flex-start}.elementor-widget-image-box.elementor-vertical-align-middle .elementor-image-box-wrapper{align-items:center}.elementor-widget-image-box.elementor-vertical-align-bottom .elementor-image-box-wrapper{align-items:flex-end}}@media (max-width:767px){.elementor-widget-image-box .elementor-image-box-img{margin-left:auto!important;margin-right:auto!important;margin-bottom:15px}}.elementor-widget-image-box .elementor-image-box-img{display:inline-block}.elementor-widget-image-box .elementor-image-box-title a{color:inherit}.elementor-widget-image-box .elementor-image-box-wrapper{text-align:center}.elementor-widget-image-box .elementor-image-box-description{margin:0}<\/style><div class=\"elementor-image-box-wrapper\"><div class=\"elementor-image-box-content\"><h3 class=\"elementor-image-box-title\">Asesor\u00eda<\/h3><p class=\"elementor-image-box-description\">Nos especializamos en la asesor\u00eda estrat\u00e9gica que aborda los retos tecnol\u00f3gicos, organizativos y normativos. Nuestra meta es convertir tus necesidades de negocio en oportunidades de crecimiento, dise\u00f1ando y ejecutando planes que optimicen tus procesos y te posicionen a la vanguardia del mercado.<\/p><\/div><\/div>\t\t<\/div>\n\t\t\t\t<\/div>\n\t\t\t\t\t<\/div>\n\t\t<\/div>\n\t\t\t\t<div class=\"elementor-column elementor-col-66 elementor-top-column elementor-element elementor-element-120a05bf\" data-id=\"120a05bf\" data-element_type=\"column\">\n\t\t\t<div class=\"elementor-widget-wrap elementor-element-populated\">\n\t\t\t\t\t\t\t\t<div class=\"elementor-element elementor-element-139210d elementor-widget elementor-widget-image-box\" data-id=\"139210d\" data-element_type=\"widget\" data-widget_type=\"image-box.default\">\n\t\t\t\t<div class=\"elementor-widget-container\">\n\t\t\t<div class=\"elementor-image-box-wrapper\"><div class=\"elementor-image-box-content\"><h3 class=\"elementor-image-box-title\">Software<\/h3><p class=\"elementor-image-box-description\">Que su empresa necesita y seg\u00fan su realidad, con el fin de apoyarlos en la gesti\u00f3n de procesos espec\u00edficos de su negocio creamos sistemas a medida, esto permitir\u00e1 el ser eficiente sus procesos y eliminar manualidades que puedan existir en su trabajo y as\u00ed evitar errores automatizando controles. Consideramos aplicaciones web, cliente-servidor.\nLenguajes: ASP, PHP, Java, J2EE, XML, HTML y WML, Cobol, Visual Basic, Net, Visual Studio, Net, ERP SAP R\/3, ABAP y RFC.\nBases de Datos: IBM DB2, Microsoft SQL Server y Oracle Server.<\/p><\/div><\/div>\t\t<\/div>\n\t\t\t\t<\/div>\n\t\t\t\t\t<\/div>\n\t\t<\/div>\n\t\t\t\t\t\t\t<\/div>\n\t\t<\/section>\n\t\t<div class=\"elementor-element elementor-element-a9a7b42 e-flex e-con-boxed e-con e-parent\" data-id=\"a9a7b42\" data-element_type=\"container\" data-settings=\"{&quot;content_width&quot;:&quot;boxed&quot;}\" data-core-v316-plus=\"true\">\n\t\t\t\t\t<div class=\"e-con-inner\">\n\t\t\t\t<div class=\"elementor-element elementor-element-3c67c30 elementor-widget elementor-widget-image-box\" data-id=\"3c67c30\" data-element_type=\"widget\" data-widget_type=\"image-box.default\">\n\t\t\t\t<div class=\"elementor-widget-container\">\n\t\t\t<div class=\"elementor-image-box-wrapper\"><div class=\"elementor-image-box-content\"><h3 class=\"elementor-image-box-title\">Metodolog\u00edas<\/h3><p class=\"elementor-image-box-description\">Aplicamos metodolog\u00edas de desarrollo \u00e1gil y tradicional para entregar resultados que a\u00f1aden valor real a tu empresa. Desde el inicio hasta la entrega, nuestro enfoque es colaborativo y transparente, empleando pr\u00e1cticas como Integraci\u00f3n Continua y Despliegue Continuo para acelerar el lanzamiento de soluciones innovadoras y confiables al mercado.<\/p><\/div><\/div>\t\t<\/div>\n\t\t\t\t<\/div>\n\t\t\t\t\t<\/div>\n\t\t\t\t<\/div>\n\t\t\t\t\t\t\t<\/div>\n\t\t","protected":false},"excerpt":{"rendered":"<p>Desarrollo de TI Asesor\u00eda Nos especializamos en la asesor\u00eda estrat\u00e9gica que aborda los retos tecnol\u00f3gicos, organizativos y normativos. Nuestra meta es convertir tus necesidades de negocio en oportunidades de crecimiento, dise\u00f1ando y ejecutando planes que optimicen tus procesos y te posicionen a la vanguardia del mercado. Software Que su empresa necesita y seg\u00fan su realidad,&hellip; <a class=\"more-link\" href=\"http:\/\/www.sfs.cl\/sfsdesa\/desarrollo-de-ti-2\/\">Seguir leyendo <span class=\"screen-reader-text\">DESARROLLO DE TI<\/span><\/a><\/p>\n","protected":false},"author":1,"featured_media":0,"parent":0,"menu_order":0,"comment_status":"closed","ping_status":"closed","template":"elementor_header_footer","meta":{"footnotes":""},"_links":{"self":[{"href":"http:\/\/www.sfs.cl\/sfsdesa\/wp-json\/wp\/v2\/pages\/661"}],"collection":[{"href":"http:\/\/www.sfs.cl\/sfsdesa\/wp-json\/wp\/v2\/pages"}],"about":[{"href":"http:\/\/www.sfs.cl\/sfsdesa\/wp-json\/wp\/v2\/types\/page"}],"author":[{"embeddable":true,"href":"http:\/\/www.sfs.cl\/sfsdesa\/wp-json\/wp\/v2\/users\/1"}],"replies":[{"embeddable":true,"href":"http:\/\/www.sfs.cl\/sfsdesa\/wp-json\/wp\/v2\/comments?post=661"}],"version-history":[{"count":10,"href":"http:\/\/www.sfs.cl\/sfsdesa\/wp-json\/wp\/v2\/pages\/661\/revisions"}],"predecessor-version":[{"id":707,"href":"http:\/\/www.sfs.cl\/sfsdesa\/wp-json\/wp\/v2\/pages\/661\/revisions\/707"}],"wp:attachment":[{"href":"http:\/\/www.sfs.cl\/sfsdesa\/wp-json\/wp\/v2\/media?parent=661"}],"curies":[{"name":"wp","href":"https:\/\/api.w.org\/{rel}","templated":true}]}}