{"id":652,"date":"2024-01-22T23:21:59","date_gmt":"2024-01-22T23:21:59","guid":{"rendered":"http:\/\/www.sfs.cl\/sfsdesa\/?page_id=652"},"modified":"2024-01-22T23:55:18","modified_gmt":"2024-01-22T23:55:18","slug":"consultoria","status":"publish","type":"page","link":"http:\/\/www.sfs.cl\/sfsdesa\/consultoria\/","title":{"rendered":"CONSULTORIA"},"content":{"rendered":"\t\t<div data-elementor-type=\"wp-page\" data-elementor-id=\"652\" class=\"elementor elementor-652\" data-elementor-post-type=\"page\">\n\t\t\t\t\t\t\t\t\t<section class=\"elementor-section elementor-top-section elementor-element elementor-element-5c715f8b elementor-section-boxed elementor-section-height-default elementor-section-height-default\" data-id=\"5c715f8b\" data-element_type=\"section\" data-settings=\"{&quot;background_background&quot;:&quot;classic&quot;}\">\n\t\t\t\t\t\t\t<div class=\"elementor-background-overlay\"><\/div>\n\t\t\t\t\t\t\t<div class=\"elementor-container elementor-column-gap-default\">\n\t\t\t\t\t<div class=\"elementor-column elementor-col-100 elementor-top-column elementor-element elementor-element-71cc9959\" data-id=\"71cc9959\" data-element_type=\"column\">\n\t\t\t<div class=\"elementor-widget-wrap elementor-element-populated\">\n\t\t\t\t\t\t\t\t<div class=\"elementor-element elementor-element-58138450 elementor-invisible elementor-widget elementor-widget-heading\" data-id=\"58138450\" data-element_type=\"widget\" data-settings=\"{&quot;_animation&quot;:&quot;fadeIn&quot;,&quot;_animation_delay&quot;:200}\" data-widget_type=\"heading.default\">\n\t\t\t\t<div class=\"elementor-widget-container\">\n\t\t\t<style>\/*! elementor - v3.18.0 - 20-12-2023 *\/\n.elementor-heading-title{padding:0;margin:0;line-height:1}.elementor-widget-heading .elementor-heading-title[class*=elementor-size-]>a{color:inherit;font-size:inherit;line-height:inherit}.elementor-widget-heading .elementor-heading-title.elementor-size-small{font-size:15px}.elementor-widget-heading .elementor-heading-title.elementor-size-medium{font-size:19px}.elementor-widget-heading .elementor-heading-title.elementor-size-large{font-size:29px}.elementor-widget-heading .elementor-heading-title.elementor-size-xl{font-size:39px}.elementor-widget-heading .elementor-heading-title.elementor-size-xxl{font-size:59px}<\/style><h1 class=\"elementor-heading-title elementor-size-default\">Consultoria<\/h1>\t\t<\/div>\n\t\t\t\t<\/div>\n\t\t\t\t\t<\/div>\n\t\t<\/div>\n\t\t\t\t\t\t\t<\/div>\n\t\t<\/section>\n\t\t\t\t<section class=\"elementor-section elementor-top-section elementor-element elementor-element-54b794cc elementor-section-boxed elementor-section-height-default elementor-section-height-default\" data-id=\"54b794cc\" data-element_type=\"section\">\n\t\t\t\t\t\t<div class=\"elementor-container elementor-column-gap-default\">\n\t\t\t\t\t<div class=\"elementor-column elementor-col-50 elementor-top-column elementor-element elementor-element-1b6957f9 elementor-invisible\" data-id=\"1b6957f9\" data-element_type=\"column\" data-settings=\"{&quot;animation&quot;:&quot;fadeIn&quot;,&quot;animation_delay&quot;:600}\">\n\t\t\t<div class=\"elementor-widget-wrap elementor-element-populated\">\n\t\t\t\t\t\t\t\t<div class=\"elementor-element elementor-element-33ad25d elementor-widget elementor-widget-image-box\" data-id=\"33ad25d\" data-element_type=\"widget\" data-widget_type=\"image-box.default\">\n\t\t\t\t<div class=\"elementor-widget-container\">\n\t\t\t<style>\/*! elementor - v3.18.0 - 20-12-2023 *\/\n.elementor-widget-image-box .elementor-image-box-content{width:100%}@media (min-width:768px){.elementor-widget-image-box.elementor-position-left .elementor-image-box-wrapper,.elementor-widget-image-box.elementor-position-right .elementor-image-box-wrapper{display:flex}.elementor-widget-image-box.elementor-position-right .elementor-image-box-wrapper{text-align:right;flex-direction:row-reverse}.elementor-widget-image-box.elementor-position-left .elementor-image-box-wrapper{text-align:left;flex-direction:row}.elementor-widget-image-box.elementor-position-top .elementor-image-box-img{margin:auto}.elementor-widget-image-box.elementor-vertical-align-top .elementor-image-box-wrapper{align-items:flex-start}.elementor-widget-image-box.elementor-vertical-align-middle .elementor-image-box-wrapper{align-items:center}.elementor-widget-image-box.elementor-vertical-align-bottom .elementor-image-box-wrapper{align-items:flex-end}}@media (max-width:767px){.elementor-widget-image-box .elementor-image-box-img{margin-left:auto!important;margin-right:auto!important;margin-bottom:15px}}.elementor-widget-image-box .elementor-image-box-img{display:inline-block}.elementor-widget-image-box .elementor-image-box-title a{color:inherit}.elementor-widget-image-box .elementor-image-box-wrapper{text-align:center}.elementor-widget-image-box .elementor-image-box-description{margin:0}<\/style><div class=\"elementor-image-box-wrapper\"><div class=\"elementor-image-box-content\"><h3 class=\"elementor-image-box-title\">Asesor\u00eda<\/h3><p class=\"elementor-image-box-description\">Nos especializamos en la asesor\u00eda estrat\u00e9gica que aborda los retos tecnol\u00f3gicos, organizativos y normativos. Nuestra meta es convertir tus necesidades de negocio en oportunidades de crecimiento, dise\u00f1ando y ejecutando planes que optimicen tus procesos y te posicionen a la vanguardia del mercado.<\/p><\/div><\/div>\t\t<\/div>\n\t\t\t\t<\/div>\n\t\t\t\t\t<\/div>\n\t\t<\/div>\n\t\t\t\t<div class=\"elementor-column elementor-col-50 elementor-top-column elementor-element elementor-element-33175b91\" data-id=\"33175b91\" data-element_type=\"column\">\n\t\t\t<div class=\"elementor-widget-wrap elementor-element-populated\">\n\t\t\t\t\t\t\t\t<div class=\"elementor-element elementor-element-2cd3754 elementor-widget elementor-widget-image-box\" data-id=\"2cd3754\" data-element_type=\"widget\" data-widget_type=\"image-box.default\">\n\t\t\t\t<div class=\"elementor-widget-container\">\n\t\t\t<div class=\"elementor-image-box-wrapper\"><div class=\"elementor-image-box-content\"><h3 class=\"elementor-image-box-title\">PMO<\/h3><p class=\"elementor-image-box-description\">La administraci\u00f3n y ejecuci\u00f3n de proyectos es esencial para el \u00e9xito y crecimiento de tu empresa. A trav\u00e9s de nuestro servicio de PMO, te ofrecemos una gesti\u00f3n de proyectos con control y administraci\u00f3n de recursos financieros, materiales y humanos, asegurando documentaci\u00f3n precisa y toma de decisiones informadas.<\/p><\/div><\/div>\t\t<\/div>\n\t\t\t\t<\/div>\n\t\t\t\t\t<\/div>\n\t\t<\/div>\n\t\t\t\t\t\t\t<\/div>\n\t\t<\/section>\n\t\t<div class=\"elementor-element elementor-element-ea01260 e-flex e-con-boxed e-con e-parent\" data-id=\"ea01260\" data-element_type=\"container\" data-settings=\"{&quot;content_width&quot;:&quot;boxed&quot;}\" data-core-v316-plus=\"true\">\n\t\t\t\t\t<div class=\"e-con-inner\">\n\t\t\t\t<div class=\"elementor-element elementor-element-de1d9e1 elementor-widget elementor-widget-image-box\" data-id=\"de1d9e1\" data-element_type=\"widget\" data-widget_type=\"image-box.default\">\n\t\t\t\t<div class=\"elementor-widget-container\">\n\t\t\t<div class=\"elementor-image-box-wrapper\"><div class=\"elementor-image-box-content\"><h3 class=\"elementor-image-box-title\">Consultor\u00eda<\/h3><p class=\"elementor-image-box-description\">Nuestro enfoque de consultor\u00eda se centra en una revisi\u00f3n global de tus procesos de negocio, proporcionando un an\u00e1lisis exhaustivo y detallado para identificar \u00e1reas de mejora. Te ayudamos a definir y alcanzar tus objetivos estrat\u00e9gicos mediante la implementaci\u00f3n de soluciones personalizadas que reflejan las mejores pr\u00e1cticas del sector.<\/p><\/div><\/div>\t\t<\/div>\n\t\t\t\t<\/div>\n\t\t\t\t\t<\/div>\n\t\t\t\t<\/div>\n\t\t\t\t\t\t\t<\/div>\n\t\t","protected":false},"excerpt":{"rendered":"<p>Consultoria Asesor\u00eda Nos especializamos en la asesor\u00eda estrat\u00e9gica que aborda los retos tecnol\u00f3gicos, organizativos y normativos. Nuestra meta es convertir tus necesidades de negocio en oportunidades de crecimiento, dise\u00f1ando y ejecutando planes que optimicen tus procesos y te posicionen a la vanguardia del mercado. PMO La administraci\u00f3n y ejecuci\u00f3n de proyectos es esencial para el&hellip; <a class=\"more-link\" href=\"http:\/\/www.sfs.cl\/sfsdesa\/consultoria\/\">Seguir leyendo <span class=\"screen-reader-text\">CONSULTORIA<\/span><\/a><\/p>\n","protected":false},"author":1,"featured_media":0,"parent":0,"menu_order":0,"comment_status":"closed","ping_status":"closed","template":"elementor_header_footer","meta":{"footnotes":""},"_links":{"self":[{"href":"http:\/\/www.sfs.cl\/sfsdesa\/wp-json\/wp\/v2\/pages\/652"}],"collection":[{"href":"http:\/\/www.sfs.cl\/sfsdesa\/wp-json\/wp\/v2\/pages"}],"about":[{"href":"http:\/\/www.sfs.cl\/sfsdesa\/wp-json\/wp\/v2\/types\/page"}],"author":[{"embeddable":true,"href":"http:\/\/www.sfs.cl\/sfsdesa\/wp-json\/wp\/v2\/users\/1"}],"replies":[{"embeddable":true,"href":"http:\/\/www.sfs.cl\/sfsdesa\/wp-json\/wp\/v2\/comments?post=652"}],"version-history":[{"count":7,"href":"http:\/\/www.sfs.cl\/sfsdesa\/wp-json\/wp\/v2\/pages\/652\/revisions"}],"predecessor-version":[{"id":660,"href":"http:\/\/www.sfs.cl\/sfsdesa\/wp-json\/wp\/v2\/pages\/652\/revisions\/660"}],"wp:attachment":[{"href":"http:\/\/www.sfs.cl\/sfsdesa\/wp-json\/wp\/v2\/media?parent=652"}],"curies":[{"name":"wp","href":"https:\/\/api.w.org\/{rel}","templated":true}]}}