{"id":9,"date":"2018-11-12T01:18:33","date_gmt":"2018-11-12T04:18:33","guid":{"rendered":"http:\/\/www.sfs.cl\/sfs\/?page_id=9"},"modified":"2018-12-05T07:15:25","modified_gmt":"2018-12-05T10:15:25","slug":"nuestra-empresa","status":"publish","type":"page","link":"http:\/\/www.sfs.cl\/sfs\/nuestra-empresa\/","title":{"rendered":"Nuestra Empresa"},"content":{"rendered":"<p style=\"background: #4f81bd; color: #FFFFFF; padding: 50px; border-radius: 100px;margin-top: 0px;\" class=\"big\">Profesionales de distintas disciplina con experiencia implantando herramientas tecnol\u00f3gicas.<\/p>\n<p><!--img src=\"http:\/\/sfs.cl\/sfs\/wp-content\/uploads\/2018\/11\/signo_mas-derecha.png\"--><\/p>\n<p style=\"background: #4f81bd; color: #FFFFFF; padding: 50px; border-radius: 100px; margin-top:0px;\" class=\"big\">Consultores funcionales y de negocio para orientar procesos de negocios y con las mejores practica.<\/p>\n<p style=\"background: #4f81bd; color: #FFFFFF; padding:20px; border-radius:100px; margin: 100px 0px 0px 0px; font-size: 24px;\" class=\"big\"><strong>Nuestra Experiencia<\/strong><\/p>\n<p><\/p>\n<p style=\"background: #FFFFFF; padding:30px; color: #4f81bd; border-radius: 100px; border: 3px #4f81bd solid;\" class=\"big\">Conocimiento especializado  de nuestros profesionales acerca de las Industrias, lo que nos permite dar un  servicio de excelencia la cual requiere de una educaci\u00f3n y entrenamiento especial<\/p>\n<p style=\"background: #FFFFFF; padding:30px; color: #4f81bd; border-radius: 100px; border: 3px #4f81bd solid;\" class=\"big\">Seleccionamos a  nuestros consultores cuidadosamente de manera que tengan un registro probado de \u00e9xito en situaciones en que otros habr\u00edan fallado, y tambi\u00e9n entrenamos a profesionales para que sea parte de este equipo de consultores de excelencia.<\/p>\n<p style=\"background: #FFFFFF; padding:30px; color: #4f81bd; border-radius: 100px; border: 3px #4f81bd solid;\" class=\"big\">Generamos valor en los servicios que prestamos a nuestros clientes<\/p>\n<h3>Nuestro Organigrama<\/h3>\n<p><img decoding=\"async\" src=\"http:\/\/sfs.cl\/sfs\/wp-content\/uploads\/2018\/11\/organigrama.png\"><\/p>\n","protected":false},"excerpt":{"rendered":"<p>Profesionales de distintas disciplina con experiencia implantando herramientas tecnol\u00f3gicas. Consultores funcionales y de negocio para orientar procesos de negocios y con las mejores practica. Nuestra Experiencia Conocimiento especializado de nuestros profesionales acerca de las Industrias, lo que nos permite dar un servicio de excelencia la cual requiere de una educaci\u00f3n y entrenamiento especial Seleccionamos a &hellip; <\/p>\n<p class=\"link-more\"><a href=\"http:\/\/www.sfs.cl\/sfs\/nuestra-empresa\/\" class=\"more-link\">Continua leyendo<span class=\"screen-reader-text\"> &#8220;Nuestra Empresa&#8221;<\/span><\/a><\/p>\n","protected":false},"author":1,"featured_media":0,"parent":0,"menu_order":0,"comment_status":"closed","ping_status":"closed","template":"","meta":{"footnotes":""},"_links":{"self":[{"href":"http:\/\/www.sfs.cl\/sfs\/wp-json\/wp\/v2\/pages\/9"}],"collection":[{"href":"http:\/\/www.sfs.cl\/sfs\/wp-json\/wp\/v2\/pages"}],"about":[{"href":"http:\/\/www.sfs.cl\/sfs\/wp-json\/wp\/v2\/types\/page"}],"author":[{"embeddable":true,"href":"http:\/\/www.sfs.cl\/sfs\/wp-json\/wp\/v2\/users\/1"}],"replies":[{"embeddable":true,"href":"http:\/\/www.sfs.cl\/sfs\/wp-json\/wp\/v2\/comments?post=9"}],"version-history":[{"count":33,"href":"http:\/\/www.sfs.cl\/sfs\/wp-json\/wp\/v2\/pages\/9\/revisions"}],"predecessor-version":[{"id":226,"href":"http:\/\/www.sfs.cl\/sfs\/wp-json\/wp\/v2\/pages\/9\/revisions\/226"}],"wp:attachment":[{"href":"http:\/\/www.sfs.cl\/sfs\/wp-json\/wp\/v2\/media?parent=9"}],"curies":[{"name":"wp","href":"https:\/\/api.w.org\/{rel}","templated":true}]}}