{"id":8,"date":"2018-11-12T01:18:33","date_gmt":"2018-11-12T04:18:33","guid":{"rendered":"http:\/\/www.sfs.cl\/sfs\/?page_id=8"},"modified":"2018-12-05T07:04:15","modified_gmt":"2018-12-05T10:04:15","slug":"inicio","status":"publish","type":"page","link":"http:\/\/www.sfs.cl\/sfs\/","title":{"rendered":""},"content":{"rendered":"<h3 style=\"background: #89a6c9; color: #ffffff; padding: 25px; margin-bottom: 0px;\" align=\"center\">Quienes Somos<\/h3>\n<p class=\"big\" style=\"background: #4f81bd; color: #ffffff; padding: 25px;\" align=\"justify\">\nSomos un grupo de profesionales con una vasta experiencia en la industria financiera y previsional, adem\u00e1s de consultor\u00edas en distintas industrias del \u00e1mbito nacional.<br \/>\nConvertimos las necesidades de las \u00e1reas de negocios y de apoyo en propuestas que permitan agregar valor a nuestros clientes.<br \/>\nEscuchamos a nuestros clientes, y seg\u00fan su realidad proveemos las soluciones de tipo tecnol\u00f3gicas, la cual nos permite apoyarlos en la gesti\u00f3n de procesos espec\u00edficos del negocio y de la Industria, creando sistemas a medida.<br \/>\nNuestra experiencia nos permite apoyar a nuestros clientes, presentando un enfoque de trabajo eficiente, el cual les permite ser mas eficientes en sus operaciones, eliminar manualidades, minimizar el error humano, y sugerir cambios que les proporciones un retorno de inversi\u00f3n.<\/p>\n<h3 style=\"background: #4f81bd; color: #ffffff; padding: 25px; margin-bottom: 0px;\" align=\"center\">Nuestra Misi\u00f3n<\/h3>\n<p class=\"big\" style=\"background: #89a6c9; color: #ffffff; padding: 25px;\" align=\"justify\">Estamos\u00a0enfocados en convertirnos en un modelo de excelencia,\u00a0entregar servicios y soluciones de calidad a nuestros clientes, junto con herramientas que soporten los procesos de negocio y la toma eficiente de decisiones<\/p>\n<h3 style=\"background: #4f81bd; color: #ffffff; padding: 25px; margin-bottom: 0px;\" align=\"center\">Nuestra Visi\u00f3n<\/h3>\n<p class=\"big\" style=\"background: #89a6c9; color: #ffffff; padding: 25px;\" align=\"justify\">Proveer de servicios tecnol\u00f3gicos\u00a0y estrat\u00e9gicos\u00a0a nuestros clientes y atender a sus necesidades\u00a0en pro de la productividad y eficiencia, diferenci\u00e1ndonos en relaciones de largo plazo, disfrutando de nuestro trabajo y creyendo en la comunicaci\u00f3n como esencial en la relaci\u00f3n con nuestros clientes y proveedores.<\/p>\n","protected":false},"excerpt":{"rendered":"<p>Quienes Somos Somos un grupo de profesionales con una vasta experiencia en la industria financiera y previsional, adem\u00e1s de consultor\u00edas en distintas industrias del \u00e1mbito nacional. Convertimos las necesidades de las \u00e1reas de negocios y de apoyo en propuestas que permitan agregar valor a nuestros clientes. Escuchamos a nuestros clientes, y seg\u00fan su realidad proveemos &hellip; <\/p>\n<p class=\"link-more\"><a href=\"http:\/\/www.sfs.cl\/sfs\/\" class=\"more-link\">Continua leyendo<span class=\"screen-reader-text\"> &#8220;&#8221;<\/span><\/a><\/p>\n","protected":false},"author":1,"featured_media":0,"parent":0,"menu_order":0,"comment_status":"closed","ping_status":"closed","template":"","meta":{"footnotes":""},"_links":{"self":[{"href":"http:\/\/www.sfs.cl\/sfs\/wp-json\/wp\/v2\/pages\/8"}],"collection":[{"href":"http:\/\/www.sfs.cl\/sfs\/wp-json\/wp\/v2\/pages"}],"about":[{"href":"http:\/\/www.sfs.cl\/sfs\/wp-json\/wp\/v2\/types\/page"}],"author":[{"embeddable":true,"href":"http:\/\/www.sfs.cl\/sfs\/wp-json\/wp\/v2\/users\/1"}],"replies":[{"embeddable":true,"href":"http:\/\/www.sfs.cl\/sfs\/wp-json\/wp\/v2\/comments?post=8"}],"version-history":[{"count":40,"href":"http:\/\/www.sfs.cl\/sfs\/wp-json\/wp\/v2\/pages\/8\/revisions"}],"predecessor-version":[{"id":217,"href":"http:\/\/www.sfs.cl\/sfs\/wp-json\/wp\/v2\/pages\/8\/revisions\/217"}],"wp:attachment":[{"href":"http:\/\/www.sfs.cl\/sfs\/wp-json\/wp\/v2\/media?parent=8"}],"curies":[{"name":"wp","href":"https:\/\/api.w.org\/{rel}","templated":true}]}}